{"id":12,"date":"2019-12-12T13:15:03","date_gmt":"2019-12-12T13:15:03","guid":{"rendered":"https:\/\/2020.centroamerica.wordcamp.org\/organizers\/"},"modified":"2020-02-06T12:13:46","modified_gmt":"2020-02-06T18:13:46","slug":"organizers","status":"publish","type":"page","link":"https:\/\/centroamerica.wordcamp.org\/2020\/organizers\/","title":{"rendered":"Organizers"},"content":{"rendered":"\n<p>Ven y conoce al equipo organizador de WordCamp Centroam\u00e9rica 2020. Ellos ofrecen voluntariamente su tiempo, experiencia y energ\u00eda para hacer de \u00e9ste evento una experiencia memorable para todos.<\/p>\n\n\n\n<h2 class=\"wp-block-heading\">Lead Organizers<\/h2>\n\n\n\n<p>Cada a\u00f1o, se seleccionan una o m\u00e1s personas para supervisar la organizaci\u00f3n general de WordCamp Centroam\u00e9rica. Los l\u00edderes del equipo organizativo trabajan en estrecha colaboraci\u00f3n con cada coordinador de equipo para asegurar que fluya la comunicaci\u00f3n y que todos los integrantes del equipo est\u00e9n en la misma sinton\u00eda.<\/p>\n\n\n<ul class=\"wordcamp-block wordcamp-post-list has-layout-list wordcamp-organizers\"><li class=\"wordcamp-post-list__post wordcamp-clearfix\">\n<div class=\"wordcamp-organizer wordcamp-organizers__post slug-leandro-gomez\">\n\t<h3 class=\"wordcamp-block__item-title wordcamp-organizers__title\">Leandro G\u00f3mez<\/h3>\n\t\t\t<div class=\"wordcamp-image__avatar-container align-none\">\n\t\t\t<img decoding=\"async\" src=\"https:\/\/secure.gravatar.com\/avatar\/585eb3956895948b4d137243149c4cb27289b1bb0936791797572d0d6114d3bb?s=150&amp;d=mm&amp;r=g\" alt=\"Avatar de Leandro G\u00f3mez\" \/>\t\t<\/div>\n\t\n\t\t\t<div class=\"wordcamp-block__item-content wordcamp-organizers__content is-full\"><\/div>\t<\/div>\n\n<\/li><li class=\"wordcamp-post-list__post wordcamp-clearfix\">\n<div class=\"wordcamp-organizer wordcamp-organizers__post slug-vanessa-martinez\">\n\t<h3 class=\"wordcamp-block__item-title wordcamp-organizers__title\">Vanessa Mart\u00ednez<\/h3>\n\t\t\t<div class=\"wordcamp-image__avatar-container align-none\">\n\t\t\t<img decoding=\"async\" src=\"https:\/\/secure.gravatar.com\/avatar\/55df6924c102892d9dadbf2c8d7ffd6892215cd63dc0c1d03eed423df3de9f04?s=150&amp;d=mm&amp;r=g\" alt=\"Avatar de Vanessa Mart\u00ednez\" \/>\t\t<\/div>\n\t\n\t\t\t<div class=\"wordcamp-block__item-content wordcamp-organizers__content is-full\"><\/div>\t<\/div>\n\n<\/li><\/ul>\n\n\n<h2 class=\"wp-block-heading\">Sponsors &amp; Budget Team<\/h2>\n\n\n\n<p>Una de las metas del #WCCA2020 es mantener los precios de entrada accesibles, conservando siempre la alta calidad de nuestro evento, para eso confiamos en la generosidad de los patrocinadores. El equipo de patrocinadores trabaja para atraer y negociar acuerdos de patrocinio con empresas que est\u00e9n en l\u00ednea con nuestra filosof\u00eda y sean relevantes para nuestros asistentes.<\/p>\n\n\n<ul class=\"wordcamp-block wordcamp-post-list has-layout-list wordcamp-organizers\"><li class=\"wordcamp-post-list__post wordcamp-clearfix\">\n<div class=\"wordcamp-organizer wordcamp-organizers__post slug-adriana-marquez\">\n\t<h3 class=\"wordcamp-block__item-title wordcamp-organizers__title\">Adriana M\u00e1rquez<\/h3>\n\t\t\t<div class=\"wordcamp-image__avatar-container align-none\">\n\t\t\t<img decoding=\"async\" src=\"https:\/\/secure.gravatar.com\/avatar\/4370be2d6f6b3a9d8dbf52558b2ff81210fab7fcf704e3dd5e14897f9abeeca6?s=150&amp;d=mm&amp;r=g\" alt=\"Avatar de Adriana M\u00e1rquez\" \/>\t\t<\/div>\n\t\n\t\t\t<div class=\"wordcamp-block__item-content wordcamp-organizers__content is-full\"><p><a href=\"https:\/\/www.linkedin.com\/in\/amarquez05\/\" target=\"_blank\" rel=\"noreferrer noopener\" aria-label=\" (abre en una nueva pesta\u00f1a)\">Adriana<\/a> actualmente ejerce como Project Manager ayudando a sus clientes a tener proyectos con entregas \u00e1giles y constantes. El resto del tiempo, pasa en su trabajo como superhero\u00edna de marcas, asesor\u00e1ndolas en diversas \u00e1reas de Marketing tales como social media, SEO &amp; SEM, relaciones p\u00fablicas y especialmente disfruta planear estrategias que conecten a sus clientes con el p\u00fablico meta.<\/p>\n<\/div>\t<\/div>\n\n<\/li><li class=\"wordcamp-post-list__post wordcamp-clearfix\">\n<div class=\"wordcamp-organizer wordcamp-organizers__post slug-alex-cuadra\">\n\t<h3 class=\"wordcamp-block__item-title wordcamp-organizers__title\">Alex Cuadra<\/h3>\n\t\t\t<div class=\"wordcamp-image__avatar-container align-none\">\n\t\t\t<img decoding=\"async\" src=\"https:\/\/secure.gravatar.com\/avatar\/44ea75ecf68faa5b7f501b7153b7d64e31274f2d1230ad35707bc82c909bfd5f?s=150&amp;d=mm&amp;r=g\" alt=\"Avatar de Alex Cuadra\" \/>\t\t<\/div>\n\t\n\t\t\t<div class=\"wordcamp-block__item-content wordcamp-organizers__content is-full\"><\/div>\t<\/div>\n\n<\/li><\/ul>\n\n\n<h2 class=\"wp-block-heading\">Speakers Team<\/h2>\n\n\n\n<p>Este es el equipo responsable de seleccionar charlas inspiradoras y talleres innovadores. El equipo de charlas tiene la formidable tarea de crear un programa que satisfaga todos los gustos e intereses de los asistentes al #WCCA2020.<\/p>\n\n\n<ul class=\"wordcamp-block wordcamp-post-list has-layout-list wordcamp-organizers\"><li class=\"wordcamp-post-list__post wordcamp-clearfix\">\n<div class=\"wordcamp-organizer wordcamp-organizers__post slug-aura-lila-gutierrez\">\n\t<h3 class=\"wordcamp-block__item-title wordcamp-organizers__title\">Aura Lila Guti\u00e9rrez<\/h3>\n\t\t\t<div class=\"wordcamp-image__avatar-container align-none\">\n\t\t\t<img decoding=\"async\" src=\"https:\/\/secure.gravatar.com\/avatar\/11ed205713ce9a464cba800853daba0319eb70c49241bc8cc18105dc4238e34f?s=150&amp;d=mm&amp;r=g\" alt=\"Avatar de Aura Lila Guti\u00e9rrez\" \/>\t\t<\/div>\n\t\n\t\t\t<div class=\"wordcamp-block__item-content wordcamp-organizers__content is-full\"><p>Desarrolladora web, trabaja con WordPress desde hace 8 a\u00f1os. Amante del software libre, en su tiempo libre le gusta ir con sus amigos por un sorbete o un fresco de cacao. Aura Lila es la l\u00edder del equipo de Charlas para el WordCamp Centroam\u00e9rica 2020.<\/p>\n<\/div>\t<\/div>\n\n<\/li><li class=\"wordcamp-post-list__post wordcamp-clearfix\">\n<div class=\"wordcamp-organizer wordcamp-organizers__post slug-davis-alvarez\">\n\t<h3 class=\"wordcamp-block__item-title wordcamp-organizers__title\">Davis Alvarez<\/h3>\n\t\t\t<div class=\"wordcamp-image__avatar-container align-none\">\n\t\t\t<img decoding=\"async\" src=\"https:\/\/secure.gravatar.com\/avatar\/baa185060b85e11df39498a324d44fa7d9110a3a25576b40d1502c4e97c27fc7?s=150&amp;d=mm&amp;r=g\" alt=\"Avatar de Davis Alvarez\" \/>\t\t<\/div>\n\t\n\t\t\t<div class=\"wordcamp-block__item-content wordcamp-organizers__content is-full\"><p>Ingeniero Consultor de Software, emprendedor, entusiasta y difusor del Open Source. Miembro fundador de la comunidad de WordPress de la Ciudad de Panam\u00e1,embajador del proyecto FEDORA y co-organizador del GDG Panam\u00e1 City. Puedes conocer m\u00e1s de \u00e9l en davisalvarez.com.<\/p>\n<\/div>\t<\/div>\n\n<\/li><li class=\"wordcamp-post-list__post wordcamp-clearfix\">\n<div class=\"wordcamp-organizer wordcamp-organizers__post slug-lidia-arroyo-vargas\">\n\t<h3 class=\"wordcamp-block__item-title wordcamp-organizers__title\">Lidia Arroyo Vargas<\/h3>\n\t\t\t<div class=\"wordcamp-image__avatar-container align-none\">\n\t\t\t<img decoding=\"async\" src=\"https:\/\/secure.gravatar.com\/avatar\/bfb6e95851da7974d4c50f945adc9fe3be395ea892ccbb70ca91e2bbdac52de0?s=150&amp;d=mm&amp;r=g\" alt=\"Avatar de Lidia Arroyo Vargas\" \/>\t\t<\/div>\n\t\n\t\t\t<div class=\"wordcamp-block__item-content wordcamp-organizers__content is-full\"><p>Ingeniera en Sistemas, 5 a\u00f1os de experiencia en sector del desarrollo e implementaci\u00f3n de soluciones para diferentes proyectos. Actualmente es coordinadora del \u00e1rea de desarrollo web en la agencia ComDigital. Entusiasta del movimiento Open Source, colabora con el fortalecimiento, crecimiento y consolidaci\u00f3n de los objetivos para la comunidad \u201cWordPress en Costa Rica\u201d.<\/p>\n<\/div>\t<\/div>\n\n<\/li><\/ul>\n\n\n<h2 class=\"wp-block-heading\">Web &amp; Content Team<\/h2>\n\n\n<ul class=\"wordcamp-block wordcamp-post-list has-layout-list wordcamp-organizers\"><li class=\"wordcamp-post-list__post wordcamp-clearfix\">\n<div class=\"wordcamp-organizer wordcamp-organizers__post slug-alfredo-navas\">\n\t<h3 class=\"wordcamp-block__item-title wordcamp-organizers__title\">Alfredo Navas<\/h3>\n\t\t\t<div class=\"wordcamp-image__avatar-container align-none\">\n\t\t\t<img decoding=\"async\" src=\"https:\/\/secure.gravatar.com\/avatar\/da7d307ebfb0adb021f10ce5f9b2c28bbd2d5322250200864fb7cd25470ab4cd?s=150&amp;d=mm&amp;r=g\" alt=\"Avatar de Alfredo Navas\" \/>\t\t<\/div>\n\t\n\t\t\t<div class=\"wordcamp-block__item-content wordcamp-organizers__content is-full\"><\/div>\t<\/div>\n\n<\/li><li class=\"wordcamp-post-list__post wordcamp-clearfix\">\n<div class=\"wordcamp-organizer wordcamp-organizers__post slug-frank-calderon\">\n\t<h3 class=\"wordcamp-block__item-title wordcamp-organizers__title\">Frank Calder\u00f3n<\/h3>\n\t\t\t<div class=\"wordcamp-image__avatar-container align-none\">\n\t\t\t<img decoding=\"async\" src=\"https:\/\/secure.gravatar.com\/avatar\/2995b75a0e030ab0f48af0245aa12a9ebfd1a659005f185bb78b812f7015840e?s=150&amp;d=mm&amp;r=g\" alt=\"Avatar de Frank Calder\u00f3n\" \/>\t\t<\/div>\n\t\n\t\t\t<div class=\"wordcamp-block__item-content wordcamp-organizers__content is-full\"><\/div>\t<\/div>\n\n<\/li><li class=\"wordcamp-post-list__post wordcamp-clearfix\">\n<div class=\"wordcamp-organizer wordcamp-organizers__post slug-ronny-freites\">\n\t<h3 class=\"wordcamp-block__item-title wordcamp-organizers__title\">Ronny Freites<\/h3>\n\t\t\t<div class=\"wordcamp-image__avatar-container align-none\">\n\t\t\t<img decoding=\"async\" src=\"https:\/\/secure.gravatar.com\/avatar\/?s=150&amp;d=mm&amp;f=y&amp;r=g\" alt=\"Avatar de Ronny Freites\" \/>\t\t<\/div>\n\t\n\t\t\t<div class=\"wordcamp-block__item-content wordcamp-organizers__content is-full\"><\/div>\t<\/div>\n\n<\/li><\/ul>","protected":false},"excerpt":{"rendered":"<p>Ven y conoce al equipo organizador de WordCamp Centroam\u00e9rica 2020. Ellos ofrecen voluntariamente su tiempo, experiencia y energ\u00eda para hacer de \u00e9ste evento una experiencia memorable para todos. Lead Organizers Cada a\u00f1o, se seleccionan una o m\u00e1s personas para supervisar la organizaci\u00f3n general de WordCamp Centroam\u00e9rica. Los l\u00edderes del equipo organizativo trabajan en estrecha colaboraci\u00f3n [&hellip;]<\/p>\n","protected":false},"author":10987929,"featured_media":0,"parent":0,"menu_order":0,"comment_status":"closed","ping_status":"closed","template":"","meta":{"jetpack_post_was_ever_published":false,"footnotes":""},"class_list":["post-12","page","type-page","status-publish","hentry"],"jetpack_shortlink":"https:\/\/wp.me\/PbwUH8-c","jetpack_sharing_enabled":true,"jetpack_likes_enabled":true,"_links":{"self":[{"href":"https:\/\/centroamerica.wordcamp.org\/2020\/wp-json\/wp\/v2\/pages\/12","targetHints":{"allow":["GET"]}}],"collection":[{"href":"https:\/\/centroamerica.wordcamp.org\/2020\/wp-json\/wp\/v2\/pages"}],"about":[{"href":"https:\/\/centroamerica.wordcamp.org\/2020\/wp-json\/wp\/v2\/types\/page"}],"author":[{"embeddable":true,"href":"https:\/\/centroamerica.wordcamp.org\/2020\/wp-json\/wp\/v2\/users\/10987929"}],"replies":[{"embeddable":true,"href":"https:\/\/centroamerica.wordcamp.org\/2020\/wp-json\/wp\/v2\/comments?post=12"}],"version-history":[{"count":5,"href":"https:\/\/centroamerica.wordcamp.org\/2020\/wp-json\/wp\/v2\/pages\/12\/revisions"}],"predecessor-version":[{"id":459,"href":"https:\/\/centroamerica.wordcamp.org\/2020\/wp-json\/wp\/v2\/pages\/12\/revisions\/459"}],"wp:attachment":[{"href":"https:\/\/centroamerica.wordcamp.org\/2020\/wp-json\/wp\/v2\/media?parent=12"}],"curies":[{"name":"wp","href":"https:\/\/api.w.org\/{rel}","templated":true}]}}