{"id":331,"date":"2020-01-31T20:43:55","date_gmt":"2020-02-01T02:43:55","guid":{"rendered":"https:\/\/2020.centroamerica.wordcamp.org\/?page_id=331"},"modified":"2020-01-31T21:20:42","modified_gmt":"2020-02-01T03:20:42","slug":"english","status":"publish","type":"page","link":"https:\/\/centroamerica.wordcamp.org\/2020\/english\/","title":{"rendered":"English"},"content":{"rendered":"\n<h2 class=\"wp-block-heading\">Welcome to WordCamp Centroam\u00e9rica!<\/h2>\n\n\n\n<p><strong>The very first regional WordCamp in Central America<\/strong> will take place on <strong>September 17-19, 2020<\/strong> at the Holiday Inn Hotel &amp; Convention Center in Managua, Nicaragua.<\/p>\n\n\n\n<h2 class=\"wp-block-heading\">Planning on travelling to WCCA?<\/h2>\n\n\n\n<p>Already planning your trip to #WCCA2020? Check our tips on <a href=\"https:\/\/2020.centroamerica.wordcamp.org\/transportation-to-managua\/\">how to get to Managua<\/a>. You can also find out about <a href=\"https:\/\/2020.centroamerica.wordcamp.org\/accommodation\/\">places where you can stay<\/a> and how to <a href=\"https:\/\/2020.centroamerica.wordcamp.org\/practical-info\/getting-around-managua\/\">get around the city<\/a>.<\/p>\n\n\n\n<p>Attending a WordCamp in a different country also means that you will need to stay connected with your home or work. We compliled a <a href=\"https:\/\/2020.centroamerica.wordcamp.org\/coworking\/\">list of coworking spaces<\/a> if you need to get some work done and <a href=\"https:\/\/2020.centroamerica.wordcamp.org\/stay-connected\/\">tips on buying local SIM cards with Internet access<\/a>.<\/p>\n\n\n\n<p>If you have any questions before you trip, feel free to <a href=\"https:\/\/2020.centroamerica.wordcamp.org\/contact\/\">contact us<\/a>.<\/p>\n\n\n\n<h2 class=\"wp-block-heading\">The event<\/h2>\n\n\n\n<p>What to expect before, during and after #WCCA2020:<\/p>\n\n\n\n<p><strong>Thursday 17 September:<\/strong> Contributor Day at the <a href=\"https:\/\/goo.gl\/maps\/mW6uJUnBGMey8abu9\">Centro de Innovaci\u00f3n Fundaci\u00f3n Zamora Ter\u00e1n<\/a>, from 8:00 am to 5:00 pm. If you are not sure which team to join on the day, try the <a href=\"https:\/\/orientation.wp-europe.org\/\">Contributor Orientation Tool<\/a> from WCEU. <\/p>\n\n\n\n<p><strong>Friday 18 September:<\/strong> First day of #WCCA2020 at the <a href=\"https:\/\/g.page\/HolidayInnManagua?share\">Holiday Inn Hotel &amp; Convention Center<\/a>.<\/p>\n\n\n\n<p><strong>Friday 18 September:<\/strong> Beer Friday &#8211; Central American Edition. A social event organised by volunteers from the local WordPress community. <\/p>\n\n\n\n<p><strong>Saturday 19 September:<\/strong> Second day of #WCCA2020 at the <a href=\"https:\/\/g.page\/HolidayInnManagua?share\">Holiday Inn Hotel &amp; Convention Center<\/a>.<\/p>\n\n\n\n<p><strong>Saturday 19 September:<\/strong> After Party. Badge required.<\/p>\n\n\n\n<p><strong>Sunday 20 September:<\/strong> Staying a bit after the conference? Join us for a Day Trip to the beach! <\/p>\n","protected":false},"excerpt":{"rendered":"<p>Welcome to WordCamp Centroam\u00e9rica! The very first regional WordCamp in Central America will take place on September 17-19, 2020 at the Holiday Inn Hotel &amp; Convention Center in Managua, Nicaragua. Planning on travelling to WCCA? Already planning your trip to #WCCA2020? Check our tips on how to get to Managua. You can also find out [&hellip;]<\/p>\n","protected":false},"author":10987929,"featured_media":0,"parent":0,"menu_order":0,"comment_status":"closed","ping_status":"closed","template":"","meta":{"jetpack_post_was_ever_published":false,"footnotes":""},"class_list":["post-331","page","type-page","status-publish","hentry"],"jetpack_shortlink":"https:\/\/wp.me\/PbwUH8-5l","jetpack_sharing_enabled":true,"jetpack_likes_enabled":true,"_links":{"self":[{"href":"https:\/\/centroamerica.wordcamp.org\/2020\/wp-json\/wp\/v2\/pages\/331","targetHints":{"allow":["GET"]}}],"collection":[{"href":"https:\/\/centroamerica.wordcamp.org\/2020\/wp-json\/wp\/v2\/pages"}],"about":[{"href":"https:\/\/centroamerica.wordcamp.org\/2020\/wp-json\/wp\/v2\/types\/page"}],"author":[{"embeddable":true,"href":"https:\/\/centroamerica.wordcamp.org\/2020\/wp-json\/wp\/v2\/users\/10987929"}],"replies":[{"embeddable":true,"href":"https:\/\/centroamerica.wordcamp.org\/2020\/wp-json\/wp\/v2\/comments?post=331"}],"version-history":[{"count":11,"href":"https:\/\/centroamerica.wordcamp.org\/2020\/wp-json\/wp\/v2\/pages\/331\/revisions"}],"predecessor-version":[{"id":359,"href":"https:\/\/centroamerica.wordcamp.org\/2020\/wp-json\/wp\/v2\/pages\/331\/revisions\/359"}],"wp:attachment":[{"href":"https:\/\/centroamerica.wordcamp.org\/2020\/wp-json\/wp\/v2\/media?parent=331"}],"curies":[{"name":"wp","href":"https:\/\/api.w.org\/{rel}","templated":true}]}}