{"id":344,"date":"2020-01-31T19:17:45","date_gmt":"2020-02-01T01:17:45","guid":{"rendered":"https:\/\/2020.centroamerica.wordcamp.org\/?page_id=344"},"modified":"2020-02-25T10:12:20","modified_gmt":"2020-02-25T16:12:20","slug":"accommodation","status":"publish","type":"page","link":"https:\/\/centroamerica.wordcamp.org\/2020\/location\/accommodation\/","title":{"rendered":"Accommodation"},"content":{"rendered":"\n<p><a href=\"#espanol\">Versi\u00f3n en espa\u00f1ol<\/a><\/p>\n\n\n\n<p>Managua has a wide range of hotels and hostels for you to choose from during WordCamp Centroam\u00e9rica. We prepared a list of accomodation options that are close to the <strong>Holiday Inn Hotel<\/strong>, the official venue for WCCA.<\/p>\n\n\n\n<h2 class=\"wp-block-heading\">Hotels<\/h2>\n\n\n\n<h3 class=\"wp-block-heading\">Holiday Inn Managua<\/h3>\n\n\n\n<p>Stay at the WCCA venue, and you don&#8217;t need to worry about travelling to and from the conference except for walking through the building!<\/p>\n\n\n\n<ul class=\"wp-block-list\"><li>Price from: $93<\/li><li><a href=\"https:\/\/g.page\/HolidayInnManagua?share\">Google Maps<\/a><\/li><\/ul>\n\n\n\n<div class=\"wp-block-button is-style-fill\"><a class=\"wp-block-button__link\" href=\"https:\/\/www.ihg.com\/holidayinn\/hotels\/us\/en\/managua\/mgajs\/hoteldetail\">More information<\/a><\/div>\n\n\n\n<h3 class=\"wp-block-heading\">Intercontinental Managua<\/h3>\n\n\n\n<p>Located next to the centric Metrocentro mall and less than a ten minute drive from the Contributor Day venue.<\/p>\n\n\n\n<ul class=\"wp-block-list\"><li>Price from: $144<\/li><li><a href=\"https:\/\/goo.gl\/maps\/HXoDoUJ9scZx7npj6\">Google Maps<\/a><\/li><li><a href=\"https:\/\/goo.gl\/maps\/j8aK2iUHnikvDQ1GA\">Get from the Intercontinental Managua to the WCCA venue<\/a><\/li><\/ul>\n\n\n\n<div class=\"wp-block-button\"><a class=\"wp-block-button__link\" href=\"https:\/\/www.ihg.com\/intercontinental\/hotels\/us\/en\/managua\/mgahb\/hoteldetail\">more information<\/a><\/div>\n\n\n\n<h3 class=\"wp-block-heading\">Hotel Aloha<\/h3>\n\n\n\n<p>A small hotel at the heart of the commercial and night life of the city. <\/p>\n\n\n\n<ul class=\"wp-block-list\"><li>Price from: $52<\/li><li><a href=\"https:\/\/g.page\/hotel-aloha-managua?share\">Google Maps<\/a><\/li><li><a href=\"https:\/\/goo.gl\/maps\/m1Y7LuishfsiYtLfA\">Get from Hotel Aloha to the WCCA venue<\/a><\/li><\/ul>\n\n\n\n<div class=\"wp-block-button\"><a class=\"wp-block-button__link\" href=\"https:\/\/hotelalohanicaragua.com\/\">more information<\/a><\/div>\n\n\n\n<h3 class=\"wp-block-heading\">Hilton Princess Managua<\/h3>\n\n\n\n<p>A couple of blocks away from the Metrocentro mall.<\/p>\n\n\n\n<ul class=\"wp-block-list\"><li>Price from: $72<\/li><li><a href=\"https:\/\/g.page\/HiltonManagua?share\">Google maps<\/a><\/li><li><a href=\"https:\/\/goo.gl\/maps\/HahZQpRNtwFpQVBk7\">Get from Hilton Princess Managua to the WCCA venue<\/a><\/li><\/ul>\n\n\n\n<div class=\"wp-block-button\"><a class=\"wp-block-button__link\" href=\"https:\/\/www3.hilton.com\/en\/hotels\/nicaragua\/hilton-princess-managua-MGAHFHF\/index.html\">more information<\/a><\/div>\n\n\n\n<h3 class=\"wp-block-heading\">Hotel Los Robles<\/h3>\n\n\n\n<p>A boutique hotel at the very center of the entertainment district, with plenty of bars and restaurants nearby.<\/p>\n\n\n\n<ul class=\"wp-block-list\"><li>Price from: $106<\/li><li><a href=\"https:\/\/goo.gl\/maps\/q26ti6mGddNhGKk76\">Google Maps<\/a><\/li><li><a href=\"https:\/\/goo.gl\/maps\/carAFF18U2R1SNUJ7\">Get from Hotel Los Robles to the WCCA venue<\/a> <\/li><\/ul>\n\n\n\n<div class=\"wp-block-button\"><a class=\"wp-block-button__link\" href=\"https:\/\/www.hotellosrobles.com\/\">more information<\/a><\/div>\n\n\n\n<h3 class=\"wp-block-heading\">Hotel Brandt&#8217;s Los Robles de San Juan<\/h3>\n\n\n\n<p>Located one block away from Zona Hippos, one of Managua&#8217;s busiest entertainment district. Next to <a href=\"https:\/\/www.facebook.com\/elparquecitoni\/\">El Parquecito<\/a>, a pretty chill open space with several food trucks.<\/p>\n\n\n\n<ul class=\"wp-block-list\"><li>Price from: $56<\/li><li><a href=\"https:\/\/goo.gl\/maps\/fDxdVyF88HNxHpTWA\">Google Maps<\/a><\/li><li><a href=\"https:\/\/goo.gl\/maps\/BLbePSTKEckxvsDa7\">Get from Hotel Brandt&#8217;s to the WCCA venue<\/a><\/li><\/ul>\n\n\n\n<div class=\"wp-block-button\"><a class=\"wp-block-button__link\" href=\"http:\/\/hotelbrandt.com\/losroblesdesanjuan\/\">more information<\/a><\/div>\n\n\n\n<h2 class=\"wp-block-heading\">Hostels<\/h2>\n\n\n\n<h3 class=\"wp-block-heading\">Managua Backpackers Inn<\/h3>\n\n\n\n<p>Centric hostel, located a couple of blocks away from the Metrocentro mall.<\/p>\n\n\n\n<ul class=\"wp-block-list\"><li>Price from: $19 (private room) \/ $10.50 (shared dorms)<\/li><li><a href=\"https:\/\/g.page\/managua-backpackers-inn?share\">Google Maps<\/a><\/li><li><a href=\"https:\/\/goo.gl\/maps\/Nk8rcd4npUhR2kdq7\">Get from Managua Backpackers Inn to the WCCA venue<\/a><\/li><\/ul>\n\n\n\n<div class=\"wp-block-button\"><a class=\"wp-block-button__link\" href=\"https:\/\/www.managuahostel.com\/\">more information<\/a><\/div>\n\n\n\n<h3 class=\"wp-block-heading\">Manyaku Hostel<\/h3>\n\n\n\n<p>Another small hostel, located near the Metrocentro mall.<\/p>\n\n\n\n<ul class=\"wp-block-list\"><li>Price from: $29 (private room) \/ $19 (shared dorms)<\/li><li><a href=\"https:\/\/goo.gl\/maps\/UsqwpTsG6fuJXpwB6\">Google Maps<\/a><\/li><li><a href=\"https:\/\/goo.gl\/maps\/G3XTg5pUykNVxGXA8\">Get from Manyaku Hostel to the WCCA venue<\/a><\/li><\/ul>\n\n\n\n<div class=\"wp-block-button\"><a class=\"wp-block-button__link\" href=\"https:\/\/www.facebook.com\/manyakuhostel\/\">more information<\/a><\/div>\n\n\n\n<a name=\"espanol\"><\/a>\n\n\n\n<hr class=\"wp-block-separator\" \/>\n\n\n\n<h2 class=\"wp-block-heading\">Hospedaje en Managua<\/h2>\n\n\n\n<p>Managua cuenta con una gran variedad de hoteles y hostales para tu elecci\u00f3n durante WordCamp Centroam\u00e9rica. Por ende, preparamos una lista de opciones de alojamiento cercanas al <strong>Hotel Holiday Inn<\/strong>, sede oficial de WCCA2020.<\/p>\n\n\n\n<h2 class=\"wp-block-heading\">Holiday Inn Managua<\/h2>\n\n\n\n<p>\u00a1Hosp\u00e9date donde suceder\u00e1 toda la magia del WCCA2020 y no tendr\u00e1s que preocuparte por viajar hacia y desde la conferencia, excepto para caminar por el edificio!<\/p>\n\n\n\n<ul class=\"wp-block-list\"><li>Precio desde: $93<\/li><li><a href=\"https:\/\/g.page\/HolidayInnManagua?share\">Google Maps<\/a><\/li><\/ul>\n\n\n\n<div class=\"wp-block-buttons is-layout-flex wp-block-buttons-is-layout-flex\">\n<div class=\"wp-block-button\"><a class=\"wp-block-button__link\" href=\"https:\/\/www.ihg.com\/holidayinn\/hotels\/us\/en\/managua\/mgajs\/hoteldetail\">M\u00c1S InFORMACI\u00d3N<\/a><\/div>\n<\/div>\n\n\n\n<h2 class=\"wp-block-heading\">Intercontinental Managua<\/h2>\n\n\n\n<p>Ubicado al lado del popular centro comercial Metrocentro, en el coraz\u00f3n del distrito de negocios y entretenimiento.<\/p>\n\n\n\n<ul class=\"wp-block-list\"><li>Precio desde: $144<\/li><li><a href=\"https:\/\/goo.gl\/maps\/HXoDoUJ9scZx7npj6\">Google Maps<\/a><\/li><li><a href=\"https:\/\/goo.gl\/maps\/j8aK2iUHnikvDQ1GA\">Desde el Intercontinental Managua hasta la sede del WCCA<\/a><\/li><\/ul>\n\n\n\n<div class=\"wp-block-buttons alignleft is-layout-flex wp-block-buttons-is-layout-flex\"><\/div>\n\n\n\n<div class=\"wp-block-buttons is-layout-flex wp-block-buttons-is-layout-flex\">\n<div class=\"wp-block-button\"><a class=\"wp-block-button__link\" href=\"https:\/\/www.ihg.com\/intercontinental\/hotels\/us\/en\/managua\/mgahb\/hoteldetail\">M\u00c1S INFORMACI\u00d3N<\/a><\/div>\n<\/div>\n","protected":false},"excerpt":{"rendered":"<p>Versi\u00f3n en espa\u00f1ol Managua has a wide range of hotels and hostels for you to choose from during WordCamp Centroam\u00e9rica. We prepared a list of accomodation options that are close to the Holiday Inn Hotel, the official venue for WCCA. Hotels Holiday Inn Managua Stay at the WCCA venue, and you don&#8217;t need to worry [&hellip;]<\/p>\n","protected":false},"author":10987929,"featured_media":0,"parent":11,"menu_order":0,"comment_status":"closed","ping_status":"closed","template":"","meta":{"jetpack_post_was_ever_published":false,"footnotes":""},"class_list":["post-344","page","type-page","status-publish","hentry"],"jetpack_shortlink":"https:\/\/wp.me\/PbwUH8-5y","jetpack_sharing_enabled":true,"jetpack_likes_enabled":true,"_links":{"self":[{"href":"https:\/\/centroamerica.wordcamp.org\/2020\/wp-json\/wp\/v2\/pages\/344","targetHints":{"allow":["GET"]}}],"collection":[{"href":"https:\/\/centroamerica.wordcamp.org\/2020\/wp-json\/wp\/v2\/pages"}],"about":[{"href":"https:\/\/centroamerica.wordcamp.org\/2020\/wp-json\/wp\/v2\/types\/page"}],"author":[{"embeddable":true,"href":"https:\/\/centroamerica.wordcamp.org\/2020\/wp-json\/wp\/v2\/users\/10987929"}],"replies":[{"embeddable":true,"href":"https:\/\/centroamerica.wordcamp.org\/2020\/wp-json\/wp\/v2\/comments?post=344"}],"version-history":[{"count":7,"href":"https:\/\/centroamerica.wordcamp.org\/2020\/wp-json\/wp\/v2\/pages\/344\/revisions"}],"predecessor-version":[{"id":624,"href":"https:\/\/centroamerica.wordcamp.org\/2020\/wp-json\/wp\/v2\/pages\/344\/revisions\/624"}],"up":[{"embeddable":true,"href":"https:\/\/centroamerica.wordcamp.org\/2020\/wp-json\/wp\/v2\/pages\/11"}],"wp:attachment":[{"href":"https:\/\/centroamerica.wordcamp.org\/2020\/wp-json\/wp\/v2\/media?parent=344"}],"curies":[{"name":"wp","href":"https:\/\/api.w.org\/{rel}","templated":true}]}}