{"id":21,"date":"2020-07-02T06:35:14","date_gmt":"2020-07-02T06:35:14","guid":{"rendered":"https:\/\/2021.centroamerica.wordcamp.org\/code-of-conduct\/"},"modified":"2021-01-27T16:30:41","modified_gmt":"2021-01-27T22:30:41","slug":"code-of-conduct","status":"publish","type":"page","link":"https:\/\/centroamerica.wordcamp.org\/2021\/code-of-conduct\/","title":{"rendered":"C\u00f3digo de Conducta"},"content":{"rendered":"\n<h3 class=\"wp-block-heading\">1. Prop\u00f3sito<\/h3>\n\n\n\n<p>WordCamp Centroam\u00e9rica cree que nuestra comunidad deber\u00eda ser verdaderamente abierta para todos. Como tal, estamos comprometidos a proporcionar un entorno amigable, seguro y acogedor para todos, independientemente de su g\u00e9nero, orientaci\u00f3n sexual, discapacidad, origen \u00e9tnico, religi\u00f3n, sistema operativo preferido, lenguaje de programaci\u00f3n o editor de texto.<\/p>\n\n\n\n<p>Este c\u00f3digo de conducta describe nuestras expectativas para el comportamiento de los participantes, as\u00ed como las consecuencias de un comportamiento inaceptable.<\/p>\n\n\n\n<p>Invitamos a todos los patrocinadores, voluntarios, oradores, asistentes y otros participantes a ayudarnos a lograr una experiencia de conferencia segura y positiva para todos.<\/p>\n\n\n\n<h3 class=\"wp-block-heading\">2. Ciudadan\u00eda de c\u00f3digo abierto<\/h3>\n\n\n\n<p>Un objetivo complementario de este c\u00f3digo de conducta es aumentar la ciudadan\u00eda de c\u00f3digo abierto, alentando a los participantes a reconocer y fortalecer las relaciones entre lo que hacemos y la comunidad en general.<\/p>\n\n\n\n<p>Al servicio de este objetivo, los organizadores del WordCamp Centroam\u00e9rica recibir\u00e1n nominaciones para ciudadanos ejemplares a lo largo del evento y reconocer\u00e1n a los participantes seleccionados despu\u00e9s de la conferencia en el sitio web.<\/p>\n\n\n\n<p>Si ve a alguien que est\u00e1 haciendo un esfuerzo adicional para garantizar que nuestra comunidad sea acogedora, amigable y aliente a todos los participantes a contribuir en toda su extensi\u00f3n, queremos saberlo. Puede nominar a alguien en la mesa de registro o utilizando el formulario de contacto en este sitio web.<\/p>\n\n\n\n<h3 class=\"wp-block-heading\">3. Comportamiento esperado<\/h3>\n\n\n\n<ul class=\"wp-block-list\"><li>Sea considerado, respetuoso y colaborativo.<\/li><li>Abst\u00e9ngase de comportamientos y lenguaje degradantes, discriminatorios o acosadores.<\/li><li>Tenga en cuenta su entorno y sus compa\u00f1eros participantes. Alerte a los organizadores de la conferencia si nota una situaci\u00f3n peligrosa o a alguien en apuros.<\/li><li>Participa de una manera aut\u00e9ntica y activa. Al hacerlo, ayudas a crear el WordCamp Centroam\u00e9rica y hacerlo tuyo.<\/li><\/ul>\n\n\n\n<h3 class=\"wp-block-heading\">4. Comportamiento inaceptable<\/h3>\n\n\n\n<p>Los comportamientos inaceptables incluyen: conductas intimidantes, acosadoras, abusivas, discriminatorias, despectivas o degradantes por parte de los asistentes al WordCamp Centroam\u00e9rica y eventos relacionados. Todos los lugares del WordCamp Centroam\u00e9rica son espacios p\u00fablicos; Sea respetuoso con todos las personas que asisten a estos lugares.<\/p>\n\n\n\n<p>El acoso incluye: comentarios verbales ofensivos relacionados con g\u00e9nero, orientaci\u00f3n sexual, raza, religi\u00f3n, discapacidad; uso inapropiado de im\u00e1genes de desnudos y \/ o sexuales en espacios p\u00fablicos (incluidas las diapositivas de presentaci\u00f3n); intimidaci\u00f3n deliberada, acoso o seguimiento; tomar fotos o grabar sin permiso; interrupci\u00f3n sostenida de conversaciones u otros eventos; contacto f\u00edsico inapropiado y atenci\u00f3n sexual no deseada.<\/p>\n\n\n\n<h3 class=\"wp-block-heading\">5. Consecuencias de un comportamiento inaceptable<\/h3>\n\n\n\n<p>El comportamiento inaceptable de parte de otros asistentes, organizadores, personal del lugar, patrocinadores u otros asistentes a los lugares del WordCamp Centroam\u00e9rica no ser\u00e1 tolerado.<\/p>\n\n\n\n<p>Se espera que cualquier persona a la que se le solicite que se comporte adecuadamente cumpla de inmediato.<\/p>\n\n\n\n<p>Si un participante se involucra en un comportamiento inaceptable, los organizadores de la conferencia pueden tomar cualquier acci\u00f3n que consideren apropiada, incluida la expulsi\u00f3n de la conferencia sin previo aviso o reembolso.<\/p>\n\n\n\n<h3 class=\"wp-block-heading\">6. Qu\u00e9 hacer si observas o eres v\u00edctima de un comportamiento inaceptable<\/h3>\n\n\n\n<p>Si eres v\u00edctima de un comportamiento inaceptable, observas que alguien m\u00e1s est\u00e1 sujeto a un comportamiento inaceptable o tienes alguna otra inquietud, notifica a un organizador de la conferencia lo antes posible.<\/p>\n\n\n\n<p>El equipo del WordCamp Centroam\u00e9rica estar\u00e1 disponible para ayudar a los participantes a ponerse en contacto con la seguridad del lugar o la polic\u00eda local, para proporcionar escoltas o para ayudar a aquellos que experimentan un comportamiento inaceptable a sentirse seguros durante la conferencia. Los voluntarios llevar\u00e1n distintivos y camisetas de color diferente a los dem\u00e1s asistentes. Cualquier voluntario puede conectarlo con un organizador de la conferencia. Tambi\u00e9n puede venir a la mesa de registro y preguntar por los organizadores.<\/p>\n\n\n\n<h3 class=\"wp-block-heading\">7. Alcance<\/h3>\n\n\n\n<p>Esperamos que todos los participantes de la conferencia (patrocinadores, voluntarios, oradores, asistentes y otros invitados) cumplan con este c\u00f3digo de conducta en todos los lugares de la conferencia y eventos sociales relacionados con la conferencia.<\/p>\n\n\n\n<h3 class=\"wp-block-heading\">8. Informaci\u00f3n de contacto<\/h3>\n\n\n\n<p>Puedes contactarnos utilizando el formulario de contacto en este sitio web.<\/p>\n\n\n\n<h3 class=\"wp-block-heading\">9. Licencia <\/h3>\n\n\n\n<p>Este C\u00f3digo de Conducta est\u00e1 basado en el incre\u00edble trabajo de Open Source Bridge, con datos espec\u00edficos de nuestra conferencia. El original est\u00e1 disponible en <a href=\"http:\/\/opensourcebridge.org\/about\/code-of-conduct\/\">http:\/\/opensourcebridge.org\/about\/code-of-conduct\/<\/a> bajo la licencia <a href=\"http:\/\/creativecommons.org\/licenses\/by-sa\/3.0\/\">Creative Commons Attribution-ShareAlike<\/a>.<\/p>\n","protected":false},"excerpt":{"rendered":"<p>1. Prop\u00f3sito WordCamp Centroam\u00e9rica cree que nuestra comunidad deber\u00eda ser verdaderamente abierta para todos. Como tal, estamos comprometidos a proporcionar un entorno amigable, seguro y acogedor para todos, independientemente de su g\u00e9nero, orientaci\u00f3n sexual, discapacidad, origen \u00e9tnico, religi\u00f3n, sistema operativo preferido, lenguaje de programaci\u00f3n o editor de texto. Este c\u00f3digo de conducta describe nuestras expectativas&hellip; <a class=\"more-link\" href=\"https:\/\/centroamerica.wordcamp.org\/2021\/code-of-conduct\/\">Seguir leyendo <span class=\"screen-reader-text\">C\u00f3digo de Conducta<\/span><\/a><\/p>\n","protected":false},"author":10987929,"featured_media":0,"parent":0,"menu_order":0,"comment_status":"closed","ping_status":"closed","template":"","meta":{"jetpack_post_was_ever_published":false,"footnotes":""},"class_list":["post-21","page","type-page","status-publish","hentry","entry"],"jetpack_sharing_enabled":true,"jetpack_likes_enabled":true,"_links":{"self":[{"href":"https:\/\/centroamerica.wordcamp.org\/2021\/wp-json\/wp\/v2\/pages\/21","targetHints":{"allow":["GET"]}}],"collection":[{"href":"https:\/\/centroamerica.wordcamp.org\/2021\/wp-json\/wp\/v2\/pages"}],"about":[{"href":"https:\/\/centroamerica.wordcamp.org\/2021\/wp-json\/wp\/v2\/types\/page"}],"author":[{"embeddable":true,"href":"https:\/\/centroamerica.wordcamp.org\/2021\/wp-json\/wp\/v2\/users\/10987929"}],"replies":[{"embeddable":true,"href":"https:\/\/centroamerica.wordcamp.org\/2021\/wp-json\/wp\/v2\/comments?post=21"}],"version-history":[{"count":4,"href":"https:\/\/centroamerica.wordcamp.org\/2021\/wp-json\/wp\/v2\/pages\/21\/revisions"}],"predecessor-version":[{"id":790,"href":"https:\/\/centroamerica.wordcamp.org\/2021\/wp-json\/wp\/v2\/pages\/21\/revisions\/790"}],"wp:attachment":[{"href":"https:\/\/centroamerica.wordcamp.org\/2021\/wp-json\/wp\/v2\/media?parent=21"}],"curies":[{"name":"wp","href":"https:\/\/api.w.org\/{rel}","templated":true}]}}